{"id":317,"date":"2019-12-25T10:04:04","date_gmt":"2019-12-25T10:04:04","guid":{"rendered":"http:\/\/paul-themes.com\/wordpress\/robert\/?page_id=102"},"modified":"2021-05-11T10:21:27","modified_gmt":"2021-05-11T10:21:27","slug":"homepage","status":"publish","type":"page","link":"https:\/\/gloria.science\/en\/","title":{"rendered":"Homepage"},"content":{"rendered":"<div data-elementor-type=\"wp-page\" data-elementor-id=\"317\" class=\"elementor elementor-317\">\n\t\t\t\t\t\t<div class=\"elementor-inner\">\n\t\t\t\t<div class=\"elementor-section-wrap\">\n\t\t\t\t\t\t\t\t\t<section class=\"elementor-section elementor-top-section elementor-element elementor-element-7d3c91d elementor-section-full_width elementor-section-stretched elementor-section-height-default elementor-section-height-default\" data-id=\"7d3c91d\" data-element_type=\"section\" data-settings=\"{&quot;stretch_section&quot;:&quot;section-stretched&quot;}\">\n\t\t\t\t\t\t<div class=\"elementor-container elementor-column-gap-no\">\n\t\t\t\t\t\t\t<div class=\"elementor-row\">\n\t\t\t\t\t<div class=\"elementor-column elementor-col-100 elementor-top-column elementor-element elementor-element-00d66ad\" data-id=\"00d66ad\" data-element_type=\"column\">\n\t\t\t<div class=\"elementor-column-wrap elementor-element-populated\">\n\t\t\t\t\t\t\t<div class=\"elementor-widget-wrap\">\n\t\t\t\t\t\t<div class=\"elementor-element elementor-element-b5d5e99 elementor-widget elementor-widget-vlt-fullpage-slider\" data-id=\"b5d5e99\" data-element_type=\"widget\" data-settings=\"{&quot;vlt_wow_animation_name&quot;:&quot;none&quot;}\" data-widget_type=\"vlt-fullpage-slider.default\">\n\t\t\t\t<div class=\"elementor-widget-container\">\n\t\t\t\n\t\t<div class=\"vlt-fullpage-slider\" data-loop-top=\"\" data-loop-bottom=\"\" data-speed=\"280\" data-dots=\"\">\n\n\t\t\t\n\t\t<div class=\"vlt-section pp-scrollable\" data-anchor=\"page-1\">\n\n\t\t\t<div class=\"vlt-section__vertical-align-wrap\">\n\n\t\t\t\t\n\t\t\t\t\t\t\t\t\t<div class=\"vlt-section__background\" style=\"background-image: url(https:\/\/gloria.science\/wp-content\/uploads\/2020\/06\/portada1-final-sm2.jpg);\"><\/div>\n\t\t\t\t\n\t\t\t\t\n\t\t\t\t\n\t\t\t\t\n\t\t\t\t<div class=\"vlt-section__vertical-align vlt-boxed\">\n\n\t\t\t\t\t<div class=\"container\">\n\n\t\t\t\t\t\t<div class=\"vlt-section__content\"><style>.elementor-302 .elementor-element.elementor-element-371efa58 > .elementor-background-overlay{background-color:rgba(0, 0, 0, 0);opacity:0.5;}.elementor-302 .elementor-element.elementor-element-371efa58{padding:120px 0px 0px 0px;}.elementor-302 .elementor-element.elementor-element-1eb29b6f > .elementor-column-wrap > .elementor-widget-wrap > .elementor-widget:not(.elementor-widget__width-auto):not(.elementor-widget__width-initial):not(:last-child):not(.elementor-absolute){margin-bottom:0px;}.elementor-302 .elementor-element.elementor-element-681cbdf5{text-align:right;}.elementor-302 .elementor-element.elementor-element-681cbdf5 .elementor-heading-title{color:#FFFFFF;font-family:\"Lato\", Sans-serif;font-size:6rem;font-weight:bold;letter-spacing:-5px;text-shadow:0px 0px 10px rgba(0,0,0,0.3);}.elementor-302 .elementor-element.elementor-element-33a415b{text-align:right;}.elementor-302 .elementor-element.elementor-element-33a415b .elementor-heading-title{color:#FFFFFF;font-family:\"Lato\", Sans-serif;font-size:1.6rem;font-style:italic;line-height:1.5em;text-shadow:0px 0px 10px rgba(0,0,0,0.3);}.elementor-302 .elementor-element.elementor-element-33a415b > .elementor-widget-container{margin:0px 0px 0px 0px;padding:0px 0px 0px 0px;}@media(max-width:767px){.elementor-302 .elementor-element.elementor-element-681cbdf5 .elementor-heading-title{font-size:5.54rem;}}<\/style>\t\t<div data-elementor-type=\"page\" data-elementor-id=\"302\" class=\"elementor elementor-302\">\n\t\t\t\t\t\t<div class=\"elementor-inner\">\n\t\t\t\t<div class=\"elementor-section-wrap\">\n\t\t\t\t\t\t\t\t\t<section class=\"elementor-section elementor-top-section elementor-element elementor-element-371efa58 elementor-section-boxed elementor-section-height-default elementor-section-height-default\" data-id=\"371efa58\" data-element_type=\"section\">\n\t\t\t\t\t\t\t<div class=\"elementor-background-overlay\"><\/div>\n\t\t\t\t\t\t\t<div class=\"elementor-container elementor-column-gap-default\">\n\t\t\t\t\t\t\t<div class=\"elementor-row\">\n\t\t\t\t\t<div class=\"elementor-column elementor-col-100 elementor-top-column elementor-element elementor-element-1eb29b6f\" data-id=\"1eb29b6f\" data-element_type=\"column\">\n\t\t\t<div class=\"elementor-column-wrap elementor-element-populated\">\n\t\t\t\t\t\t\t<div class=\"elementor-widget-wrap\">\n\t\t\t\t\t\t<div class=\"elementor-element elementor-element-681cbdf5 animated-slow elementor-invisible elementor-widget elementor-widget-heading\" data-id=\"681cbdf5\" data-element_type=\"widget\" data-settings=\"{&quot;_animation&quot;:&quot;fadeInRight&quot;,&quot;vlt_wow_animation_name&quot;:&quot;none&quot;}\" data-widget_type=\"heading.default\">\n\t\t\t\t<div class=\"elementor-widget-container\">\n\t\t\t<h1 class=\"elementor-heading-title elementor-size-default\">Gloria<br>\nGarcia-Cuadrado<\/h1>\t\t<\/div>\n\t\t\t\t<\/div>\n\t\t\t\t\t\t<\/div>\n\t\t\t\t\t<\/div>\n\t\t<\/div>\n\t\t\t\t\t\t\t\t<\/div>\n\t\t\t\t\t<\/div>\n\t\t<\/section>\n\t\t\t\t<section class=\"elementor-section elementor-top-section elementor-element elementor-element-ae98cdd animated-slow elementor-section-boxed elementor-section-height-default elementor-section-height-default\" data-id=\"ae98cdd\" data-element_type=\"section\" data-settings=\"{&quot;animation&quot;:&quot;none&quot;}\">\n\t\t\t\t\t\t<div class=\"elementor-container elementor-column-gap-default\">\n\t\t\t\t\t\t\t<div class=\"elementor-row\">\n\t\t\t\t\t<div class=\"elementor-column elementor-col-100 elementor-top-column elementor-element elementor-element-f7d384d\" data-id=\"f7d384d\" data-element_type=\"column\">\n\t\t\t<div class=\"elementor-column-wrap elementor-element-populated\">\n\t\t\t\t\t\t\t<div class=\"elementor-widget-wrap\">\n\t\t\t\t\t\t<div class=\"elementor-element elementor-element-33a415b elementor-invisible elementor-widget elementor-widget-heading\" data-id=\"33a415b\" data-element_type=\"widget\" data-settings=\"{&quot;motion_fx_motion_fx_mouse&quot;:&quot;yes&quot;,&quot;_animation&quot;:&quot;fadeInRight&quot;,&quot;vlt_wow_animation_name&quot;:&quot;none&quot;}\" data-widget_type=\"heading.default\">\n\t\t\t\t<div class=\"elementor-widget-container\">\n\t\t\t<h6 class=\"elementor-heading-title elementor-size-default\">\"The importance of Science does not only lie on the knowledge and the applications it generates, but also on the values it conveys and its capacity to keep us curious, amazed and optimistic about the future\"<\/h6>\t\t<\/div>\n\t\t\t\t<\/div>\n\t\t\t\t\t\t<\/div>\n\t\t\t\t\t<\/div>\n\t\t<\/div>\n\t\t\t\t\t\t\t\t<\/div>\n\t\t\t\t\t<\/div>\n\t\t<\/section>\n\t\t\t\t\t\t\t\t\t<\/div>\n\t\t\t<\/div>\n\t\t\t\t\t<\/div>\n\t\t<\/div>\n\t\t\t\t\t<\/div>\n\n\t\t\t\t<\/div>\n\n\t\t\t<\/div>\n\n\t\t<\/div>\n\n\t\t\n\t\t<\/div>\n\n\t\t\t\t<\/div>\n\t\t\t\t<\/div>\n\t\t\t\t<div class=\"elementor-element elementor-element-c0b620f elementor-view-default elementor-widget elementor-widget-icon\" data-id=\"c0b620f\" data-element_type=\"widget\" data-settings=\"{&quot;vlt_wow_animation_name&quot;:&quot;none&quot;}\" data-widget_type=\"icon.default\">\n\t\t\t\t<div class=\"elementor-widget-container\">\n\t\t\t\t\t<div class=\"elementor-icon-wrapper\">\n\t\t\t<a class=\"elementor-icon\" href=\"#test\">\n\t\t\t<i aria-hidden=\"true\" class=\"fas fa-arrow-circle-down\"><\/i>\t\t\t<\/a>\n\t\t<\/div>\n\t\t\t\t<\/div>\n\t\t\t\t<\/div>\n\t\t\t\t\t\t<\/div>\n\t\t\t\t\t<\/div>\n\t\t<\/div>\n\t\t\t\t\t\t\t\t<\/div>\n\t\t\t\t\t<\/div>\n\t\t<\/section>\n\t\t\t\t<section class=\"elementor-section elementor-top-section elementor-element elementor-element-2835109 elementor-section-full_width elementor-section-height-min-height elementor-section-height-default elementor-section-items-middle\" data-id=\"2835109\" data-element_type=\"section\" data-settings=\"{&quot;background_background&quot;:&quot;classic&quot;}\">\n\t\t\t\t\t\t<div class=\"elementor-container elementor-column-gap-default\">\n\t\t\t\t\t\t\t<div class=\"elementor-row\">\n\t\t\t\t\t<div class=\"elementor-column elementor-col-100 elementor-top-column elementor-element elementor-element-3fdd481\" data-id=\"3fdd481\" data-element_type=\"column\">\n\t\t\t<div class=\"elementor-column-wrap elementor-element-populated\">\n\t\t\t\t\t\t\t<div class=\"elementor-widget-wrap\">\n\t\t\t\t\t\t<div class=\"elementor-element elementor-element-eb7d561 elementor-widget elementor-widget-menu-anchor\" data-id=\"eb7d561\" data-element_type=\"widget\" data-settings=\"{&quot;vlt_wow_animation_name&quot;:&quot;none&quot;}\" data-widget_type=\"menu-anchor.default\">\n\t\t\t\t<div class=\"elementor-widget-container\">\n\t\t\t\t\t<div id=\"test\" class=\"elementor-menu-anchor\"><\/div>\n\t\t\t\t<\/div>\n\t\t\t\t<\/div>\n\t\t\t\t<div class=\"elementor-element elementor-element-61d91aa elementor-widget elementor-widget-vlt-fullpage-slider\" data-id=\"61d91aa\" data-element_type=\"widget\" data-settings=\"{&quot;vlt_wow_animation_name&quot;:&quot;none&quot;}\" data-widget_type=\"vlt-fullpage-slider.default\">\n\t\t\t\t<div class=\"elementor-widget-container\">\n\t\t\t\n\t\t<div class=\"vlt-fullpage-slider\" data-loop-top=\"\" data-loop-bottom=\"\" data-speed=\"280\" data-dots=\"yes\">\n\n\t\t\t\n\t\t<div class=\"vlt-section pp-scrollable\" data-anchor=\"page-1\">\n\n\t\t\t<div class=\"vlt-section__vertical-align-wrap\">\n\n\t\t\t\t\n\t\t\t\t\t\t\t\t\t<div class=\"vlt-section__background\" style=\"background-image: url(https:\/\/gloria.science\/wp-content\/uploads\/2021\/05\/Twitter_Talks_Gloria-06-21-copia-1.jpg);\"><\/div>\n\t\t\t\t\n\t\t\t\t\n\t\t\t\t\n\t\t\t\t\n\t\t\t\t<div class=\"vlt-section__vertical-align vlt-boxed\">\n\n\t\t\t\t\t<div class=\"container\">\n\n\t\t\t\t\t\t<div class=\"vlt-section__content\"><style>.elementor-301 .elementor-element.elementor-element-57b83b0{columns:1;text-align:left;}<\/style>\t\t<div data-elementor-type=\"page\" data-elementor-id=\"301\" class=\"elementor elementor-301\">\n\t\t\t\t\t\t<div class=\"elementor-inner\">\n\t\t\t\t<div class=\"elementor-section-wrap\">\n\t\t\t\t\t\t\t\t\t<section class=\"elementor-section elementor-top-section elementor-element elementor-element-47164ef elementor-section-stretched elementor-section-boxed elementor-section-height-default elementor-section-height-default\" data-id=\"47164ef\" data-element_type=\"section\" data-settings=\"{&quot;stretch_section&quot;:&quot;section-stretched&quot;}\">\n\t\t\t\t\t\t<div class=\"elementor-container elementor-column-gap-default\">\n\t\t\t\t\t\t\t<div class=\"elementor-row\">\n\t\t\t\t\t<div class=\"elementor-column elementor-col-50 elementor-top-column elementor-element elementor-element-907a341\" data-id=\"907a341\" data-element_type=\"column\">\n\t\t\t<div class=\"elementor-column-wrap elementor-element-populated\">\n\t\t\t\t\t\t\t<div class=\"elementor-widget-wrap\">\n\t\t\t\t\t\t<div class=\"elementor-element elementor-element-57b83b0 elementor-widget elementor-widget-text-editor\" data-id=\"57b83b0\" data-element_type=\"widget\" data-settings=\"{&quot;vlt_wow_animation_name&quot;:&quot;none&quot;}\" data-widget_type=\"text-editor.default\">\n\t\t\t\t<div class=\"elementor-widget-container\">\n\t\t\t\t\t\t\t\t<div class=\"elementor-text-editor elementor-clearfix\">\n\t\t\t\t<p><span style=\"color: #ffffff;\"><span class=\"css-901oao css-16my406 r-poiln3 r-bcqeeo r-qvutc0\">Lo m\u00e1s lejos donde los humanos hemos llegado en persona es la Luna<\/span><span class=\"css-901oao css-16my406 r-poiln3 r-bcqeeo r-qvutc0\">. As\u00ed que quiz\u00e1 vaya siendo hora de ampliar horizontes. Lo hablamos con <\/span><span class=\"r-18u37iz\"><span class=\"css-901oao css-16my406 r-poiln3 r-bcqeeo r-qvutc0\" dir=\"ltr\">@gloriagarciacu1<\/span><\/span><span class=\"css-901oao css-16my406 r-poiln3 r-bcqeeo r-qvutc0\"> en <\/span><span class=\"r-18u37iz\"><span class=\"css-901oao css-16my406 r-poiln3 r-bcqeeo r-qvutc0\" dir=\"ltr\">#CaixaBankTalksLive<\/span><\/span><span class=\"css-901oao css-16my406 r-poiln3 r-bcqeeo r-qvutc0\">.<\/span><\/span><\/p><p><span style=\"color: #ffffff;\">Ap\u00fantate ya a la charla <a style=\"font-size: 20px; color: #ffffff;\" href=\"https:\/\/www1.caixabank.es\/apl\/formularios\/registroeventos\/index_es.html?idEvento=B2FSXNqr2aoT39bt76dy5Ni2FcedGft6eg2BlDinkE1WIo3D\">aqu\u00ed<\/a><\/span><\/p>\t\t\t\t\t<\/div>\n\t\t\t\t\t\t<\/div>\n\t\t\t\t<\/div>\n\t\t\t\t\t\t<\/div>\n\t\t\t\t\t<\/div>\n\t\t<\/div>\n\t\t\t\t<div class=\"elementor-column elementor-col-50 elementor-top-column elementor-element elementor-element-ae8c177\" data-id=\"ae8c177\" data-element_type=\"column\">\n\t\t\t<div class=\"elementor-column-wrap\">\n\t\t\t\t\t\t\t<div class=\"elementor-widget-wrap\">\n\t\t\t\t\t\t\t\t<\/div>\n\t\t\t\t\t<\/div>\n\t\t<\/div>\n\t\t\t\t\t\t\t\t<\/div>\n\t\t\t\t\t<\/div>\n\t\t<\/section>\n\t\t\t\t\t\t\t\t\t<\/div>\n\t\t\t<\/div>\n\t\t\t\t\t<\/div>\n\t\t<\/div>\n\t\t\t\t\t<\/div>\n\n\t\t\t\t<\/div>\n\n\t\t\t<\/div>\n\n\t\t<\/div>\n\n\t\t\n\t\t<div class=\"vlt-section pp-scrollable\" data-anchor=\"page-2\">\n\n\t\t\t<div class=\"vlt-section__vertical-align-wrap\">\n\n\t\t\t\t\n\t\t\t\t\t\t\t\t\t<div class=\"vlt-section__background has-mask\" style=\"background-image: url(https:\/\/gloria.science\/wp-content\/uploads\/2021\/03\/Captura-de-pantalla-2021-03-29-a-las-20.07.49-e1617042025277.png);\"><\/div>\n\t\t\t\t\n\t\t\t\t\n\t\t\t\t\n\t\t\t\t\n\t\t\t\t<div class=\"vlt-section__vertical-align vlt-boxed\">\n\n\t\t\t\t\t<div class=\"container\">\n\n\t\t\t\t\t\t\n\t\t\t\t\t<\/div>\n\n\t\t\t\t<\/div>\n\n\t\t\t<\/div>\n\n\t\t<\/div>\n\n\t\t\n\t\t<div class=\"vlt-section pp-scrollable\" data-anchor=\"page-3\">\n\n\t\t\t<div class=\"vlt-section__vertical-align-wrap\">\n\n\t\t\t\t\n\t\t\t\t\t\t\t\t\t<div class=\"vlt-section__background has-mask\" style=\"background-image: url(https:\/\/gloria.science\/wp-content\/uploads\/2021\/04\/fondoweb-twitch.jpg);\"><\/div>\n\t\t\t\t\n\t\t\t\t\n\t\t\t\t\n\t\t\t\t\n\t\t\t\t<div class=\"vlt-section__vertical-align vlt-boxed\">\n\n\t\t\t\t\t<div class=\"container\">\n\n\t\t\t\t\t\t<div class=\"vlt-section__content\"><style>.elementor-298 .elementor-element.elementor-element-a71c005 > .elementor-container > .elementor-row > .elementor-column > .elementor-column-wrap > .elementor-widget-wrap{align-content:center;align-items:center;}.elementor-298 .elementor-element.elementor-element-a71c005{margin-top:0px;margin-bottom:30px;padding:120px 0px 70px 0px;}.elementor-298 .elementor-element.elementor-element-7df78bf .elementor-icon-wrapper{text-align:left;}.elementor-298 .elementor-element.elementor-element-7df78bf .elementor-icon{font-size:31px;}.elementor-298 .elementor-element.elementor-element-7df78bf .elementor-icon i, .elementor-298 .elementor-element.elementor-element-7df78bf .elementor-icon svg{transform:rotate(0deg);}.elementor-298 .elementor-element.elementor-element-7df78bf > .elementor-widget-container{padding:0px 0px 0px 30px;}.elementor-bc-flex-widget .elementor-298 .elementor-element.elementor-element-409b1070.elementor-column .elementor-column-wrap{align-items:center;}.elementor-298 .elementor-element.elementor-element-409b1070.elementor-column.elementor-element[data-element_type=\"column\"] > .elementor-column-wrap.elementor-element-populated > .elementor-widget-wrap{align-content:center;align-items:center;}.elementor-298 .elementor-element.elementor-element-409b1070 > .elementor-column-wrap > .elementor-widget-wrap > .elementor-widget:not(.elementor-widget__width-auto):not(.elementor-widget__width-initial):not(:last-child):not(.elementor-absolute){margin-bottom:0px;}.elementor-298 .elementor-element.elementor-element-90fdac3{text-align:center;}.elementor-298 .elementor-element.elementor-element-90fdac3 .elementor-heading-title{color:#FFFFFF;text-shadow:0px 0px 10px rgba(0,0,0,0.3);}.elementor-298 .elementor-element.elementor-element-d1d3fe1 .elementor-spacer-inner{--spacer-size:50px;}.elementor-298 .elementor-element.elementor-element-703f363{color:#FFFFFF;}.elementor-298 .elementor-element.elementor-element-30de4753{text-align:left;color:#ffffff;font-family:\"Montserrat\", Sans-serif;font-size:1.3rem;}.elementor-298 .elementor-element.elementor-element-30de4753 > .elementor-widget-container{padding:0% 0% 0% 0%;}@media(max-width:1024px){.elementor-298 .elementor-element.elementor-element-30de4753 > .elementor-widget-container{padding:0px 0px 0px 35px;}}@media(max-width:767px){.elementor-298 .elementor-element.elementor-element-30de4753 > .elementor-widget-container{padding:0px 0px 0px 35px;}}<\/style>\t\t<div data-elementor-type=\"page\" data-elementor-id=\"298\" class=\"elementor elementor-298\">\n\t\t\t\t\t\t<div class=\"elementor-inner\">\n\t\t\t\t<div class=\"elementor-section-wrap\">\n\t\t\t\t\t\t\t\t\t<section class=\"elementor-section elementor-top-section elementor-element elementor-element-a71c005 elementor-section-stretched elementor-section-full_width elementor-section-height-full elementor-section-content-middle elementor-section-height-default elementor-section-items-middle\" data-id=\"a71c005\" data-element_type=\"section\" data-settings=\"{&quot;stretch_section&quot;:&quot;section-stretched&quot;}\">\n\t\t\t\t\t\t<div class=\"elementor-container elementor-column-gap-default\">\n\t\t\t\t\t\t\t<div class=\"elementor-row\">\n\t\t\t\t\t<div class=\"elementor-column elementor-col-33 elementor-top-column elementor-element elementor-element-a50ca13\" data-id=\"a50ca13\" data-element_type=\"column\">\n\t\t\t<div class=\"elementor-column-wrap elementor-element-populated\">\n\t\t\t\t\t\t\t<div class=\"elementor-widget-wrap\">\n\t\t\t\t\t\t<div class=\"elementor-element elementor-element-7df78bf elementor-view-default elementor-widget elementor-widget-icon\" data-id=\"7df78bf\" data-element_type=\"widget\" data-settings=\"{&quot;vlt_wow_animation_name&quot;:&quot;none&quot;}\" data-widget_type=\"icon.default\">\n\t\t\t\t<div class=\"elementor-widget-container\">\n\t\t\t\t\t<div class=\"elementor-icon-wrapper\">\n\t\t\t<a class=\"elementor-icon\" href=\"#top\">\n\t\t\t<i aria-hidden=\"true\" class=\"fas fa-arrow-circle-up\"><\/i>\t\t\t<\/a>\n\t\t<\/div>\n\t\t\t\t<\/div>\n\t\t\t\t<\/div>\n\t\t\t\t\t\t<\/div>\n\t\t\t\t\t<\/div>\n\t\t<\/div>\n\t\t\t\t<div class=\"elementor-column elementor-col-33 elementor-top-column elementor-element elementor-element-409b1070\" data-id=\"409b1070\" data-element_type=\"column\">\n\t\t\t<div class=\"elementor-column-wrap elementor-element-populated\">\n\t\t\t\t\t\t\t<div class=\"elementor-widget-wrap\">\n\t\t\t\t\t\t<div class=\"elementor-element elementor-element-90fdac3 elementor-widget elementor-widget-heading\" data-id=\"90fdac3\" data-element_type=\"widget\" data-settings=\"{&quot;vlt_wow_animation_name&quot;:&quot;none&quot;}\" data-widget_type=\"heading.default\">\n\t\t\t\t<div class=\"elementor-widget-container\">\n\t\t\t<h2 class=\"elementor-heading-title elementor-size-xl\">\u00bfHablamos de Ciencia?<\/h2>\t\t<\/div>\n\t\t\t\t<\/div>\n\t\t\t\t<div class=\"elementor-element elementor-element-d1d3fe1 elementor-widget elementor-widget-spacer\" data-id=\"d1d3fe1\" data-element_type=\"widget\" data-settings=\"{&quot;vlt_wow_animation_name&quot;:&quot;none&quot;}\" data-widget_type=\"spacer.default\">\n\t\t\t\t<div class=\"elementor-widget-container\">\n\t\t\t\t\t<div class=\"elementor-spacer\">\n\t\t\t<div class=\"elementor-spacer-inner\"><\/div>\n\t\t<\/div>\n\t\t\t\t<\/div>\n\t\t\t\t<\/div>\n\t\t\t\t<div class=\"elementor-element elementor-element-703f363 elementor-widget elementor-widget-text-editor\" data-id=\"703f363\" data-element_type=\"widget\" data-settings=\"{&quot;vlt_wow_animation_name&quot;:&quot;none&quot;}\" data-widget_type=\"text-editor.default\">\n\t\t\t\t<div class=\"elementor-widget-container\">\n\t\t\t\t\t\t\t\t<div class=\"elementor-text-editor elementor-clearfix\">\n\t\t\t\t<p>Cada semana te espero en Twitch para descubrir curiosidades cient\u00edficas, contestar a tus preguntas, \u00a1y mucho m\u00e1s!<\/p>\t\t\t\t\t<\/div>\n\t\t\t\t\t\t<\/div>\n\t\t\t\t<\/div>\n\t\t\t\t<div class=\"elementor-element elementor-element-30de4753 elementor-widget elementor-widget-text-editor\" data-id=\"30de4753\" data-element_type=\"widget\" data-settings=\"{&quot;vlt_wow_animation_name&quot;:&quot;none&quot;}\" data-widget_type=\"text-editor.default\">\n\t\t\t\t<div class=\"elementor-widget-container\">\n\t\t\t\t\t\t\t\t<div class=\"elementor-text-editor elementor-clearfix\">\n\t\t\t\t<p><a href=\"http:\/\/twitch.tv\/cienciainfusa\" target=\"_blank\" rel=\"noopener\">S\u00edgueme en Twitch<\/a><\/p>\t\t\t\t\t<\/div>\n\t\t\t\t\t\t<\/div>\n\t\t\t\t<\/div>\n\t\t\t\t\t\t<\/div>\n\t\t\t\t\t<\/div>\n\t\t<\/div>\n\t\t\t\t<div class=\"elementor-column elementor-col-33 elementor-top-column elementor-element elementor-element-916fb1b\" data-id=\"916fb1b\" data-element_type=\"column\">\n\t\t\t<div class=\"elementor-column-wrap\">\n\t\t\t\t\t\t\t<div class=\"elementor-widget-wrap\">\n\t\t\t\t\t\t\t\t<\/div>\n\t\t\t\t\t<\/div>\n\t\t<\/div>\n\t\t\t\t\t\t\t\t<\/div>\n\t\t\t\t\t<\/div>\n\t\t<\/section>\n\t\t\t\t\t\t\t\t\t<\/div>\n\t\t\t<\/div>\n\t\t\t\t\t<\/div>\n\t\t<\/div>\n\t\t\t\t\t<\/div>\n\n\t\t\t\t<\/div>\n\n\t\t\t<\/div>\n\n\t\t<\/div>\n\n\t\t\n\t\t<\/div>\n\n\t\t\t\t<\/div>\n\t\t\t\t<\/div>\n\t\t\t\t\t\t<\/div>\n\t\t\t\t\t<\/div>\n\t\t<\/div>\n\t\t\t\t\t\t\t\t<\/div>\n\t\t\t\t\t<\/div>\n\t\t<\/section>\n\t\t\t\t\t\t\t\t\t<\/div>\n\t\t\t<\/div>\n\t\t\t\t\t<\/div>","protected":false},"excerpt":{"rendered":"<p>Gloria Garc\u00eda-Cuadrado \u00abLa importancia de la Ciencia no radica s\u00f3lo en el conocimiento y las aplicaciones que genera. Tambi\u00e9n en los valores que transmite y en su capacidad para mantenernos curiosos, maravillados y esperanzados\u00bb Lo m\u00e1s lejos donde los humanos hemos llegado en persona es la Luna. As\u00ed que quiz\u00e1 vaya siendo hora de ampliar<\/p>","protected":false},"author":1,"featured_media":0,"parent":0,"menu_order":0,"comment_status":"closed","ping_status":"closed","template":"template-fullwidth-page.php","meta":[],"_links":{"self":[{"href":"https:\/\/gloria.science\/en\/wp-json\/wp\/v2\/pages\/317"}],"collection":[{"href":"https:\/\/gloria.science\/en\/wp-json\/wp\/v2\/pages"}],"about":[{"href":"https:\/\/gloria.science\/en\/wp-json\/wp\/v2\/types\/page"}],"author":[{"embeddable":true,"href":"https:\/\/gloria.science\/en\/wp-json\/wp\/v2\/users\/1"}],"replies":[{"embeddable":true,"href":"https:\/\/gloria.science\/en\/wp-json\/wp\/v2\/comments?post=317"}],"version-history":[{"count":128,"href":"https:\/\/gloria.science\/en\/wp-json\/wp\/v2\/pages\/317\/revisions"}],"predecessor-version":[{"id":1443,"href":"https:\/\/gloria.science\/en\/wp-json\/wp\/v2\/pages\/317\/revisions\/1443"}],"wp:attachment":[{"href":"https:\/\/gloria.science\/en\/wp-json\/wp\/v2\/media?parent=317"}],"curies":[{"name":"wp","href":"https:\/\/api.w.org\/{rel}","templated":true}]}}