{"id":50,"date":"2017-05-02T20:38:14","date_gmt":"2017-05-02T20:38:14","guid":{"rendered":"http:\/\/uddog.net\/theme\/demo\/wordpress\/kobra\/?page_id=50"},"modified":"2021-08-03T22:57:44","modified_gmt":"2021-08-03T22:57:44","slug":"medios","status":"publish","type":"page","link":"https:\/\/gloria.science\/en\/medios\/","title":{"rendered":"PRESS"},"content":{"rendered":"<div data-elementor-type=\"wp-page\" data-elementor-id=\"50\" class=\"elementor elementor-50\">\n\t\t\t\t\t\t<div class=\"elementor-inner\">\n\t\t\t\t<div class=\"elementor-section-wrap\">\n\t\t\t\t\t\t\t\t\t<section class=\"elementor-section elementor-top-section elementor-element elementor-element-405e8d18 elementor-section-boxed elementor-section-height-default elementor-section-height-default\" data-id=\"405e8d18\" data-element_type=\"section\">\n\t\t\t\t\t\t<div class=\"elementor-container elementor-column-gap-default\">\n\t\t\t\t\t\t\t<div class=\"elementor-row\">\n\t\t\t\t\t<div class=\"elementor-column elementor-col-100 elementor-top-column elementor-element elementor-element-710b2f2c\" data-id=\"710b2f2c\" data-element_type=\"column\">\n\t\t\t<div class=\"elementor-column-wrap elementor-element-populated\">\n\t\t\t\t\t\t\t<div class=\"elementor-widget-wrap\">\n\t\t\t\t\t\t<div class=\"elementor-element elementor-element-b72e7c0 elementor-widget elementor-widget-heading\" data-id=\"b72e7c0\" data-element_type=\"widget\" data-settings=\"{&quot;vlt_wow_animation_name&quot;:&quot;none&quot;}\" data-widget_type=\"heading.default\">\n\t\t\t\t<div class=\"elementor-widget-container\">\n\t\t\t<style>.elementor-element-b72e7c0{display:none !important}<\/style>\t\t<\/div>\n\t\t\t\t<\/div>\n\t\t\t\t<div class=\"elementor-element elementor-element-357a72f elementor-widget elementor-widget-text-editor\" data-id=\"357a72f\" data-element_type=\"widget\" data-settings=\"{&quot;vlt_wow_animation_name&quot;:&quot;none&quot;}\" data-widget_type=\"text-editor.default\">\n\t\t\t\t<div class=\"elementor-widget-container\">\n\t\t\t\t\t\t\t\t<div class=\"elementor-text-editor elementor-clearfix\">\n\t\t\t\t\t\t\t\t\t<\/div>\n\t\t\t\t\t\t<\/div>\n\t\t\t\t<\/div>\n\t\t\t\t<div class=\"elementor-element elementor-element-8ab3b0e elementor-arrows-position-inside elementor-widget elementor-widget-image-carousel\" data-id=\"8ab3b0e\" data-element_type=\"widget\" data-settings=\"{&quot;slides_to_show&quot;:&quot;3&quot;,&quot;slides_to_scroll&quot;:&quot;3&quot;,&quot;navigation&quot;:&quot;arrows&quot;,&quot;image_spacing_custom&quot;:{&quot;unit&quot;:&quot;px&quot;,&quot;size&quot;:0,&quot;sizes&quot;:[]},&quot;autoplay&quot;:&quot;yes&quot;,&quot;pause_on_hover&quot;:&quot;yes&quot;,&quot;pause_on_interaction&quot;:&quot;yes&quot;,&quot;autoplay_speed&quot;:5000,&quot;infinite&quot;:&quot;yes&quot;,&quot;speed&quot;:500,&quot;vlt_wow_animation_name&quot;:&quot;none&quot;}\" data-widget_type=\"image-carousel.default\">\n\t\t\t\t<div class=\"elementor-widget-container\">\n\t\t\t<style>.elementor-element-8ab3b0e{display:none !important}<\/style>\t\t<\/div>\n\t\t\t\t<\/div>\n\t\t\t\t<div class=\"elementor-element elementor-element-85707f9 elementor-align-justify elementor-widget elementor-widget-button\" data-id=\"85707f9\" data-element_type=\"widget\" data-settings=\"{&quot;vlt_wow_animation_name&quot;:&quot;none&quot;}\" data-widget_type=\"button.default\">\n\t\t\t\t<div class=\"elementor-widget-container\">\n\t\t\t<style>.elementor-element-85707f9{display:none !important}<\/style>\t\t<\/div>\n\t\t\t\t<\/div>\n\t\t\t\t<div class=\"elementor-element elementor-element-c7695f0 elementor-widget elementor-widget-spacer\" data-id=\"c7695f0\" data-element_type=\"widget\" data-settings=\"{&quot;vlt_wow_animation_name&quot;:&quot;none&quot;}\" data-widget_type=\"spacer.default\">\n\t\t\t\t<div class=\"elementor-widget-container\">\n\t\t\t\t\t<div class=\"elementor-spacer\">\n\t\t\t<div class=\"elementor-spacer-inner\"><\/div>\n\t\t<\/div>\n\t\t\t\t<\/div>\n\t\t\t\t<\/div>\n\t\t\t\t<div class=\"elementor-element elementor-element-81e9970 elementor-widget elementor-widget-heading\" data-id=\"81e9970\" data-element_type=\"widget\" data-settings=\"{&quot;vlt_wow_animation_name&quot;:&quot;none&quot;}\" data-widget_type=\"heading.default\">\n\t\t\t\t<div class=\"elementor-widget-container\">\n\t\t\t<h3 class=\"elementor-heading-title elementor-size-default\">PRESS CLIPPING<\/h3>\t\t<\/div>\n\t\t\t\t<\/div>\n\t\t\t\t<div class=\"elementor-element elementor-element-77fd3250 elementor-widget elementor-widget-text-editor\" data-id=\"77fd3250\" data-element_type=\"widget\" data-settings=\"{&quot;vlt_wow_animation_name&quot;:&quot;none&quot;}\" data-widget_type=\"text-editor.default\">\n\t\t\t\t<div class=\"elementor-widget-container\">\n\t\t\t\t\t\t\t\t<div class=\"elementor-text-editor elementor-clearfix\">\n\t\t\t\t<ul><li>Gloria Garc\u00eda-Cuadrado: \"<em>Science has to go outside and be deeply involved in Society (in Spanish)<\/em>\" <a href=\"https:\/\/principia.io\/2016\/09\/26\/gloria-garcia-cuadrado-la-ciencia-tiene-que-salir-e-involucrarse-en-la-sociedad.IjQzNSI\/\" target=\"_blank\" rel=\"noopener\">Read article<\/a><\/li><li>Celestia Aerospace: \u00abA new approach to the delivery of satellites to orbit\u201d (in English):<br \/>Worldwide Online Space News \u2013 SpaceDaily (in English) <a href=\"http:\/\/www.spacedaily.com\/reports\/A_new_approach_to_the_delivery_of_satellites_to_orbit_999.html\" target=\"_blank\" rel=\"noopener\">Read article<\/a><\/li><li>\u00a0\u00abCelestia Aerospace\u201d (in English): Online Space Magazine \u2013 Florida Space Report <a href=\"http:\/\/spacereport.blogspot.com.es\/2014\/11\/november-21-2014.html\" target=\"_blank\" rel=\"noopener\">Read article<\/a><\/li><li>Many on Celestia Aerospace for the Russian press (in Russian):<ul><li>Online Journal \u2013 Spanish Russian <a href=\"http:\/\/www.espanarusa.com\/ru\/news\/article\/542457\" target=\"_blank\" rel=\"noopener\">Read article<\/a><\/li><li>ZoomNews <a href=\"http:\/\/zoom.cnews.ru\/rnd\/news\/top\/celestia_aerospace_vyjdet_v_kosmos_na_mig29\" target=\"_blank\" rel=\"noopener\">Read article<\/a><\/li><li>InnoRos: <a href=\"http:\/\/www.innoros.ru\/news\/14\/11\/celestia-aerospace-budet-zapuskat-na-orbitu-nanosputniki-s-pomoshchyu-sovetskogo-istrebit\" target=\"_blank\" rel=\"noopener\">Read article<\/a><\/li><li>Zonatex: <a href=\"http:\/\/zonatex.ru\/tag\/Celestia%20Aerospace\/\" target=\"_blank\" rel=\"noopener\">Read article<\/a><\/li><li>Gisa: <a href=\"http:\/\/www.gisa.ru\/106930.html\" target=\"_blank\" rel=\"noopener\">Read article<\/a><\/li><li>Ruposters: <a href=\"http:\/\/ruposters.ru\/archives\/10344\" target=\"_blank\" rel=\"noopener\">Read article<\/a><\/li><\/ul><\/li><\/ul><ul><li>\"We open a new competitive market for SMEs\u201d - Fly News (in Spanish) <a href=\"http:\/\/fly-news.es\/fly-news-046-noviembre-2014\/\" target=\"_blank\" rel=\"noopener\">Read article<\/a><\/li><li>\"Celestia Aerospace and the nanosatellites industry\u201d (in Catalan)<br \/>Local Television Network \u2013 8alDia in 8TV \u2013 Magazine General \u2013 Economy Section <a href=\"http:\/\/www.8tv.cat\/8aldia\/videos\/les-empreses-poden-tenir-el-seu-propi-satel%C2%B7lit-en-orbita-per-200-000-euros\/\" target=\"_blank\" rel=\"noopener\">Watch video<\/a><\/li><li>\"Celestia Aerospace and what nanosatellites are\u201d Cadena Nacional de Radio \u2013 Cadena SER (in Spanish) <a style=\"background-color: #ffffff; letter-spacing: 0.025em;\" href=\"http:\/\/cadenaser.com\/programa\/2014\/11\/28\/hoy_por_hoy\/1417169379_733326.html\" target=\"_blank\" rel=\"noopener\">Listen to audio<\/a><\/li><\/ul><ul><li>\"Satellites in orbit for 200.000 euros\u201d (in Spanish) - Opinion Article for \"La Contra\", La Vanguardia <a href=\"http:\/\/www.lavanguardia.com\/lacontra\/20141119\/54420002773\/ponemos-en-orbita-su-satelite-privado-por-200-000-euros.html#\" target=\"_blank\" rel=\"noopener\">Read article<\/a><\/li><li>\"The seed of a Catalan nanosatellites cluster\u201d (in Catalan) \u2013 El Pa\u00eds <a href=\"http:\/\/cat.elpais.com\/cat\/2014\/12\/23\/catalunya\/1419294414_625054.html\" target=\"_blank\" rel=\"noopener\">Read article<\/a><\/li><\/ul><ul><li>\"Dreams made from star dust\u201d (in Catalan) \u2013 El Punt Avui\u00a0<a href=\"http:\/\/www.elpuntavui.cat\/noticia\/article\/4-economia\/18-economia\/796716-somnis-fets-de-pols-estelmlar.html?cca=1&amp;tmpl=component&amp;print=1&amp;page=\" target=\"_blank\" rel=\"noopener\">Read article<\/a><\/li><li>\"A Catalan company pioneering in creating nanosatellites\u201d (in Catalan) \u2013  Via Empresa\u00a0<a href=\"http:\/\/www.viaempresa.cat\/ca\/notices\/2014\/11\/una-empresa-catalana-pionera-en-crear-i-posar-en-orbita-nanosatel-lits-9342.php\" target=\"_blank\" rel=\"noopener\">Read article<\/a><\/li><li>Celestia Aerospace \u2013 Defensa.COM (in Spanish) <a href=\"http:\/\/www.defensa.com\/index.php?option=com_content&amp;view=article&amp;id=14022:una-empresa-espanola-pondra-en-orbita-nanosatelites-mediante-un-mig-29-&amp;catid=54:espana&amp;Itemid=162\" target=\"_blank\" rel=\"noopener\">Read article<\/a><\/li><li>\u201cA Spanish company opening the market of satellites launch\u201d \u2013 Diario de Le\u00f3n (in Spanish)\u00a0<a href=\"http:\/\/www.diariodeleon.es\/noticias\/sociedad\/empresa-espanola-abre-mercado-lanzamientos-satelites-espacio_944281.html\" target=\"_blank\" rel=\"noopener\">Read article<\/a><\/li><li>\u201cA company will develop and launch satellites from Catalonia\u201d (in Catalan) \u2013 Diari de Girona (in Spanish)\u00a0<a href=\"http:\/\/www.diaridegirona.cat\/cultura\/2014\/11\/17\/empresa-fabricara-posara-orbita-nanosatellits\/697488.html\" target=\"_blank\" rel=\"noopener\">Read article<\/a><\/li><li>\u201cA company will develop and launch satellites from Catalonia\u201d\u2013  Aerotendencias (in Spanish)\u00a0<a href=\"http:\/\/www.aerotendencias.com\/espacio\/25376-celestia-aerospace-solucion-pionera-para-el-desarrollo-y-puesta-en-orbita-de-satelites-de1-a-10-kilos-de-peso\/\" target=\"_blank\" rel=\"noopener\">Read article<\/a><\/li><li>\u201cA company will develop and launch satellites from Catalonia\u201d  \u2013 Microsiervos (in Spanish)\u00a0<a href=\"http:\/\/www.microsiervos.com\/archivo\/ciencia\/celestia-aerospace-dispuesta-disenar-construir-y-lanzar-nanosatelites-desde-espana.html\" target=\"_blank\" rel=\"noopener\">Read article<\/a><\/li><li>\u201cThe Future of Aerospace Research\u201d \u2013 InnoSpain (in Spanish) <a href=\"http:\/\/www.innovaspain.com\/nanosatelites-el-futuro-de-la-investigacion-espacial-tiene-acento-espanol\" target=\"_blank\" rel=\"noopener\">Read article<\/a><\/li><li>\u201cThe conquest of space with a Russian combat aircraft\u201d\u2013 LaRioja.COM (in Spanish)\u00a0<a href=\"http:\/\/www.larioja.com\/culturas\/201412\/21\/conquista-espacio-caza-sovietico-20141221005641-v.html\" target=\"_blank\" rel=\"noopener\">Read article<\/a><\/li><li>\u201cA new company to develop and launch nanosatellites\" \u2013 El Economista (in Spanish) <a href=\"http:\/\/www.eleconomista.es\/ciencia\/noticias\/6248273\/11\/14\/Crean-una-empresa-que-fabricara-y-pondra-en-orbita-nanosatelites-desde-Cataluna.html#.Kku86gqU039Ecj6\" target=\"_blank\" rel=\"noopener\">Read article<\/a><\/li><li>\u201cLow-weight satellites from Catalan Sky\u201d \u2013 EFE Futuro (in Spanish) <a href=\"http:\/\/www.efefuturo.com\/noticia\/satelites-de-bajo-peso-desde-el-cielo-catalan\/\" target=\"_blank\" rel=\"noopener\">Read article<\/a><\/li><li>Many concerning the base operations airport choice for Celestia Aerospace:<ul><li>El Mundo (in Spanish): <a href=\"http:\/\/www.elmundo.es\/comunidad-valenciana\/2014\/11\/17\/5469adab268e3e79298b4570.html\" target=\"_blank\" rel=\"noopener\">Read article<\/a><\/li><li>El Mundo \u2013 Comunidad Valenciana (1) (in Spanish):\u00a0<a href=\"http:\/\/www.elmundo.es\/comunidad-valenciana\/2014\/11\/24\/5473018822601ddf7a8b4575.html\" target=\"_blank\" rel=\"noopener\">Read article<\/a><\/li><li>El Mundo \u2013 Comunidad Valenciana (2) (in Spanish):\u00a0<a href=\"http:\/\/www.elmundo.es\/comunidad-valenciana\/2014\/12\/10\/54881e2422601db7218b4578.html\" target=\"_blank\" rel=\"noopener\">Read article<\/a><\/li><li>El Diario.es (in Spanish):\u00a0<a style=\"background-color: #ffffff; letter-spacing: 0.025em;\" href=\"http:\/\/www.eldiario.es\/cvaeropuerto-de-castellon\/Aeropuerto-Castellon-servir-lanzamiento-nanosatelites_0_325468072.html\" target=\"_blank\" rel=\"noopener\">Read article<\/a><\/li><li>Eco de Teruel (in Spanish):\u00a0<a href=\"http:\/\/www.ecodeteruel.tv\/?p=59095\" target=\"_blank\" rel=\"noopener\">Read article<\/a><\/li><li>Diario de Teruel (in Spanish):\u00a0<a href=\"http:\/\/www.diariodeteruel.es\/Movil\/Noticia.aspx?Id=57910\" target=\"_blank\" rel=\"noopener\">Read article<\/a><\/li><li>El Diario.es (in Spanish):\u00a0<a href=\"http:\/\/www.eldiario.es\/temas\/celestia_aerospace\/\" target=\"_blank\" rel=\"noopener\">Read article<\/a><\/li><li>Heraldo.es (in Spanish):\u00a0<a href=\"http:\/\/www.heraldo.es\/noticias\/aragon\/teruel_provincia\/teruel\/2014\/11\/17\/teruel_podria_albergar_hangar_integracion_nanosatelites_catalanes_322444_303.html\" target=\"_blank\" rel=\"noopener\">Read article<\/a><\/li><li>La Tribuna de Ciudad Real (in Spanish):\u00a0<a href=\"http:\/\/www.heraldo.es\/noticias\/aragon\/teruel_provincia\/teruel\/2014\/11\/17\/teruel_podria_albergar_hangar_integracion_nanosatelites_catalanes_322444_303.html\" target=\"_blank\" rel=\"noopener\">Read article<\/a><\/li><li>El Peri\u00f3dico Mediterr\u00e1neo (in Spanish):\u00a0<a href=\"http:\/\/www.elperiodicomediterraneo.com\/noticias\/castellon\/aeropuerto-podria-ser-hangar-nanosatelites_905350.html\" target=\"_blank\" rel=\"noopener\">Read article<\/a><\/li><li>Valencia Today (in English):\u00a0<a href=\"http:\/\/valenciatoday.es\/castell%C3%B3n-airport-could-be-used-to-launch-nano_satellites_20929-a.html#.VMlCQ9KG_js\" target=\"_blank\" rel=\"noopener\">Read article<\/a><\/li><li>La Veu (in Spanish):\u00a0<a href=\"http:\/\/www.laveupv.com\/noticia\/11974\/laeroport-de-castello-no-te-avions-pero-podria-tindre-naus-espacials\" target=\"_blank\" rel=\"noopener\">Read article<\/a><\/li><li>Finanzas (in Spanish):\u00a0<a href=\"http:\/\/www.finanzas.com\/noticias-001\/valencia\/20141117\/aeopuerto-castellon-opta-ahora-2806821.html\" target=\"_blank\" rel=\"noopener\">Read article<\/a><\/li><li>Antena 3 TV (in Spanish):\u00a0<a style=\"background-color: #ffffff; letter-spacing: 0.025em;\" href=\"http:\/\/www.antena3.com\/programas\/espejo-publico\/noticias\/aeropuerto-castellon-arruinada-joya-legado-carlos-fabra_2014112600101.html\" target=\"_blank\" rel=\"noopener\">Watch video<\/a><\/li><li>Radio Castell\u00f3n (in Spanish):\u00a0<a href=\"http:\/\/www.radiocastellon.com\/?noticia=25242\" target=\"_blank\" rel=\"noopener\">Read article<\/a><\/li><li>SB Nation (In English):\u00a0<a href=\"http:\/\/www.villarrealusa.com\/2014\/12\/12\/7379719\/villarreal-to-fly-on-charters-from-aeroport-castellon\" target=\"_blank\" rel=\"noopener\">Read article<\/a><\/li><\/ul><\/li><li>\"The Aerospace Sector in Catalonia\", Local Television: Xip-TV (in Catalan) <a href=\"http:\/\/www.xiptv.cat\/credit\/capitol\/gloria-garcia-cuadrado\" target=\"_blank\" rel=\"noopener\">Watch video<\/a><\/li><\/ul><ul><li><span style=\"font-size: 1.2rem; letter-spacing: 0.025em;\">\"Space Shuttle's Legacy tribute\" \u2013 TV Section on Catalonia TV - TV3 on the importance and legacy of the Space Shuttle. Program upon STS-135 Atlantis last and closing program flight \u2013\u00a0<\/span>Catalonia Television TV3 (in Catalan)\u00a0<a style=\"background-color: #ffffff; letter-spacing: 0.025em;\" href=\"http:\/\/www.tv3.cat\/videos\/3632930\/\" target=\"_blank\" rel=\"noopener\">Watch video<\/a><\/li><li>\u00abThe Aerospace Sector approves with highest scores\u00bb \u2013 La Vanguardia \u2013 Opinion  Article (in Catalan)\u00a0<a style=\"background-color: #ffffff; letter-spacing: 0.025em;\" href=\"http:\/\/hemeroteca.lavanguardia.com\/preview\/2011\/07\/10\/pagina-11\/87197207\/pdf.html?search=el%20aeroespacial%20pasa%20la%20prueba%20con\" target=\"_blank\" rel=\"noopener\">Read article<\/a><\/li><\/ul><ul><li>\u00a0\u00abYellow Press Journalist\u00bb La Vanguardia \u2013 Opinion Article (in Spanish)\u00a0<a href=\"http:\/\/hemeroteca.lavanguardia.com\/preview\/2010\/08\/09\/pagina-17\/82689580\/pdf.html\" target=\"_blank\" rel=\"noopener\">Read article<\/a><\/li><li>\u00abEntry door\u201c La Vanguardia \u2013 Opinion Article (in Spanish) <a href=\"http:\/\/hemeroteca.lavanguardia.com\/preview\/2010\/06\/11\/pagina-17\/82320255\/pdf.html\" target=\"_blank\" rel=\"noopener\">Read article<\/a><\/li><li>\u201cCommemorating 40 years of the Man on the Moon\u201d - TV Section on Catalonia Television TV3 commemorating the 40th anniversary of the Apollo Mission - Catalonia Television TV3 (in Catalan)\u00a0<a href=\"http:\/\/www.tv3.cat\/videos\/1380789\" target=\"_blank\" rel=\"noopener\">Watch video<\/a><\/li><li>\u201cThe Catalan contribution to the ESA's Earth Observation Mission SMOS\u201d \u2013 Catalonia Television TV3 (in Catalan)\u00a0<a href=\"http:\/\/www.tv3.cat\/videos\/1599029\" target=\"_blank\" rel=\"noopener\">Watch video<\/a><\/li><li>More than 500 Science scientific questions answered for the general public for the Science Channel of Terra Networks<\/li><\/ul>\t\t\t\t\t<\/div>\n\t\t\t\t\t\t<\/div>\n\t\t\t\t<\/div>\n\t\t\t\t\t\t<\/div>\n\t\t\t\t\t<\/div>\n\t\t<\/div>\n\t\t\t\t\t\t\t\t<\/div>\n\t\t\t\t\t<\/div>\n\t\t<\/section>\n\t\t\t\t\t\t\t\t\t<\/div>\n\t\t\t<\/div>\n\t\t\t\t\t<\/div>","protected":false},"excerpt":{"rendered":"<p>GALER\u00cdA DE IM\u00c1GENES Previous Next Ver todas PRESS CLIPPING Gloria Garc\u00eda-Cuadrado: \u00abLa ciencia tiene que salir e involucrarse en la sociedad\u00bb Leer art\u00edculo Celestia Aerospace: \u00abA new approach to the delivery of satellites to orbit\u201d (in English):Worldwide Online Space News &#8211; SpaceDaily Leer art\u00edculo \u00a0Celestia Aerospace: \u00abCelestia Aerospace\u201d (in English): Online Space Magazine \u2013 Florida<\/p>","protected":false},"author":1,"featured_media":0,"parent":0,"menu_order":0,"comment_status":"closed","ping_status":"closed","template":"","meta":[],"_links":{"self":[{"href":"https:\/\/gloria.science\/en\/wp-json\/wp\/v2\/pages\/50"}],"collection":[{"href":"https:\/\/gloria.science\/en\/wp-json\/wp\/v2\/pages"}],"about":[{"href":"https:\/\/gloria.science\/en\/wp-json\/wp\/v2\/types\/page"}],"author":[{"embeddable":true,"href":"https:\/\/gloria.science\/en\/wp-json\/wp\/v2\/users\/1"}],"replies":[{"embeddable":true,"href":"https:\/\/gloria.science\/en\/wp-json\/wp\/v2\/comments?post=50"}],"version-history":[{"count":58,"href":"https:\/\/gloria.science\/en\/wp-json\/wp\/v2\/pages\/50\/revisions"}],"predecessor-version":[{"id":1448,"href":"https:\/\/gloria.science\/en\/wp-json\/wp\/v2\/pages\/50\/revisions\/1448"}],"wp:attachment":[{"href":"https:\/\/gloria.science\/en\/wp-json\/wp\/v2\/media?parent=50"}],"curies":[{"name":"wp","href":"https:\/\/api.w.org\/{rel}","templated":true}]}}